{"id":111,"date":"2016-06-08T15:24:04","date_gmt":"2016-06-08T14:24:04","guid":{"rendered":"http:\/\/habitools.be\/nl\/?page_id=111"},"modified":"2018-11-14T15:44:01","modified_gmt":"2018-11-14T13:44:01","slug":"contact","status":"publish","type":"page","link":"https:\/\/habitools.be\/nl\/contact\/","title":{"rendered":"Contact"},"content":{"rendered":"<p>De vzw Brusselse Bond voor het Recht op Wonen (BBRoW) is een tweetalige groepering samengesteld uit een 50-tal verenigingen die elk op hun terrein werk maken van de realisatie van het Recht op Wonen en ijveren voor degelijke en betaalbare woningen.<\/p>\n","protected":false},"excerpt":{"rendered":"<p>De vzw Brusselse Bond voor het Recht op Wonen (BBRoW) is een tweetalige groepering samengesteld uit een 50-tal verenigingen die elk op hun terrein werk maken van de realisatie van het Recht op Wonen en ijveren voor degelijke en betaalbare woningen.<\/p>\n","protected":false},"author":4,"featured_media":0,"parent":0,"menu_order":0,"comment_status":"closed","ping_status":"closed","template":"","meta":{"_et_pb_use_builder":"","_et_pb_old_content":"","_et_gb_content_width":"","footnotes":""},"class_list":["post-111","page","type-page","status-publish","hentry"],"yoast_head":"<!-- This site is optimized with the Yoast SEO plugin v27.5 - https:\/\/yoast.com\/product\/yoast-seo-wordpress\/ -->\n<title>Contact - Habitools<\/title>\n<meta name=\"robots\" content=\"index, follow, max-snippet:-1, max-image-preview:large, max-video-preview:-1\" \/>\n<link rel=\"canonical\" href=\"https:\/\/habitools.be\/contact\/\" \/>\n<meta property=\"og:locale\" content=\"nl_NL\" \/>\n<meta property=\"og:type\" content=\"article\" \/>\n<meta property=\"og:title\" content=\"Contact - Habitools\" \/>\n<meta property=\"og:description\" content=\"De vzw Brusselse Bond voor het Recht op Wonen (BBRoW) is een tweetalige groepering samengesteld uit een 50-tal verenigingen die elk op hun terrein werk maken van de realisatie van het Recht op Wonen en ijveren voor degelijke en betaalbare woningen.\" \/>\n<meta property=\"og:url\" content=\"https:\/\/habitools.be\/contact\/\" \/>\n<meta property=\"og:site_name\" content=\"Habitools\" \/>\n<meta property=\"article:modified_time\" content=\"2018-11-14T13:44:01+00:00\" \/>\n<meta property=\"og:image\" content=\"https:\/\/habitools.be\/wp-content\/uploads\/2021\/06\/salon-habitools1.png\" \/>\n\t<meta property=\"og:image:width\" content=\"250\" \/>\n\t<meta property=\"og:image:height\" content=\"250\" \/>\n\t<meta property=\"og:image:type\" content=\"image\/png\" \/>\n<meta name=\"twitter:card\" content=\"summary_large_image\" \/>\n<script type=\"application\/ld+json\" class=\"yoast-schema-graph\">{\"@context\":\"https:\\\/\\\/schema.org\",\"@graph\":[{\"@type\":\"WebPage\",\"@id\":\"https:\\\/\\\/habitools.be\\\/contact\\\/\",\"url\":\"https:\\\/\\\/habitools.be\\\/contact\\\/\",\"name\":\"Contact - Habitools\",\"isPartOf\":{\"@id\":\"https:\\\/\\\/habitools.be\\\/#website\"},\"datePublished\":\"2016-06-08T14:24:04+00:00\",\"dateModified\":\"2018-11-14T13:44:01+00:00\",\"breadcrumb\":{\"@id\":\"https:\\\/\\\/habitools.be\\\/contact\\\/#breadcrumb\"},\"inLanguage\":\"nl-NL\",\"potentialAction\":[{\"@type\":\"ReadAction\",\"target\":[\"https:\\\/\\\/habitools.be\\\/contact\\\/\"]}]},{\"@type\":\"BreadcrumbList\",\"@id\":\"https:\\\/\\\/habitools.be\\\/contact\\\/#breadcrumb\",\"itemListElement\":[{\"@type\":\"ListItem\",\"position\":1,\"name\":\"Accueil\",\"item\":\"https:\\\/\\\/habitools.be\\\/nl\\\/\"},{\"@type\":\"ListItem\",\"position\":2,\"name\":\"Contact\"}]},{\"@type\":\"WebSite\",\"@id\":\"https:\\\/\\\/habitools.be\\\/#website\",\"url\":\"https:\\\/\\\/habitools.be\\\/\",\"name\":\"Habitools\",\"description\":\"Habitools est un inventaire des outils que les associations ont \u00e9t\u00e9 amen\u00e9s \u00e0 d\u00e9velopper dans leur pratique quotidienne afin de sensibiliser leurs publics \u00e0 bien habiter. Ces outils de sensibilisation touchent diff\u00e9rents th\u00e8mes, entre autres les pollutions int\u00e9rieures, les strat\u00e9gies de consommation durable, les droits et devoirs des locataires et des propri\u00e9taires, la recherche de logement, etc.\",\"publisher\":{\"@id\":\"https:\\\/\\\/habitools.be\\\/#organization\"},\"potentialAction\":[{\"@type\":\"SearchAction\",\"target\":{\"@type\":\"EntryPoint\",\"urlTemplate\":\"https:\\\/\\\/habitools.be\\\/?s={search_term_string}\"},\"query-input\":{\"@type\":\"PropertyValueSpecification\",\"valueRequired\":true,\"valueName\":\"search_term_string\"}}],\"inLanguage\":\"nl-NL\"},{\"@type\":\"Organization\",\"@id\":\"https:\\\/\\\/habitools.be\\\/#organization\",\"name\":\"Habitools\",\"url\":\"https:\\\/\\\/habitools.be\\\/\",\"logo\":{\"@type\":\"ImageObject\",\"inLanguage\":\"nl-NL\",\"@id\":\"https:\\\/\\\/habitools.be\\\/#\\\/schema\\\/logo\\\/image\\\/\",\"url\":\"http:\\\/\\\/habitools.be\\\/wp-content\\\/uploads\\\/2021\\\/06\\\/salon-habitools1.png\",\"contentUrl\":\"http:\\\/\\\/habitools.be\\\/wp-content\\\/uploads\\\/2021\\\/06\\\/salon-habitools1.png\",\"width\":250,\"height\":250,\"caption\":\"Habitools\"},\"image\":{\"@id\":\"https:\\\/\\\/habitools.be\\\/#\\\/schema\\\/logo\\\/image\\\/\"}}]}<\/script>\n<!-- \/ Yoast SEO plugin. -->","yoast_head_json":{"title":"Contact - Habitools","robots":{"index":"index","follow":"follow","max-snippet":"max-snippet:-1","max-image-preview":"max-image-preview:large","max-video-preview":"max-video-preview:-1"},"canonical":"https:\/\/habitools.be\/contact\/","og_locale":"nl_NL","og_type":"article","og_title":"Contact - Habitools","og_description":"De vzw Brusselse Bond voor het Recht op Wonen (BBRoW) is een tweetalige groepering samengesteld uit een 50-tal verenigingen die elk op hun terrein werk maken van de realisatie van het Recht op Wonen en ijveren voor degelijke en betaalbare woningen.","og_url":"https:\/\/habitools.be\/contact\/","og_site_name":"Habitools","article_modified_time":"2018-11-14T13:44:01+00:00","og_image":[{"width":250,"height":250,"url":"https:\/\/habitools.be\/wp-content\/uploads\/2021\/06\/salon-habitools1.png","type":"image\/png"}],"twitter_card":"summary_large_image","schema":{"@context":"https:\/\/schema.org","@graph":[{"@type":"WebPage","@id":"https:\/\/habitools.be\/contact\/","url":"https:\/\/habitools.be\/contact\/","name":"Contact - Habitools","isPartOf":{"@id":"https:\/\/habitools.be\/#website"},"datePublished":"2016-06-08T14:24:04+00:00","dateModified":"2018-11-14T13:44:01+00:00","breadcrumb":{"@id":"https:\/\/habitools.be\/contact\/#breadcrumb"},"inLanguage":"nl-NL","potentialAction":[{"@type":"ReadAction","target":["https:\/\/habitools.be\/contact\/"]}]},{"@type":"BreadcrumbList","@id":"https:\/\/habitools.be\/contact\/#breadcrumb","itemListElement":[{"@type":"ListItem","position":1,"name":"Accueil","item":"https:\/\/habitools.be\/nl\/"},{"@type":"ListItem","position":2,"name":"Contact"}]},{"@type":"WebSite","@id":"https:\/\/habitools.be\/#website","url":"https:\/\/habitools.be\/","name":"Habitools","description":"Habitools est un inventaire des outils que les associations ont \u00e9t\u00e9 amen\u00e9s \u00e0 d\u00e9velopper dans leur pratique quotidienne afin de sensibiliser leurs publics \u00e0 bien habiter. Ces outils de sensibilisation touchent diff\u00e9rents th\u00e8mes, entre autres les pollutions int\u00e9rieures, les strat\u00e9gies de consommation durable, les droits et devoirs des locataires et des propri\u00e9taires, la recherche de logement, etc.","publisher":{"@id":"https:\/\/habitools.be\/#organization"},"potentialAction":[{"@type":"SearchAction","target":{"@type":"EntryPoint","urlTemplate":"https:\/\/habitools.be\/?s={search_term_string}"},"query-input":{"@type":"PropertyValueSpecification","valueRequired":true,"valueName":"search_term_string"}}],"inLanguage":"nl-NL"},{"@type":"Organization","@id":"https:\/\/habitools.be\/#organization","name":"Habitools","url":"https:\/\/habitools.be\/","logo":{"@type":"ImageObject","inLanguage":"nl-NL","@id":"https:\/\/habitools.be\/#\/schema\/logo\/image\/","url":"http:\/\/habitools.be\/wp-content\/uploads\/2021\/06\/salon-habitools1.png","contentUrl":"http:\/\/habitools.be\/wp-content\/uploads\/2021\/06\/salon-habitools1.png","width":250,"height":250,"caption":"Habitools"},"image":{"@id":"https:\/\/habitools.be\/#\/schema\/logo\/image\/"}}]}},"_links":{"self":[{"href":"https:\/\/habitools.be\/nl\/wp-json\/wp\/v2\/pages\/111","targetHints":{"allow":["GET"]}}],"collection":[{"href":"https:\/\/habitools.be\/nl\/wp-json\/wp\/v2\/pages"}],"about":[{"href":"https:\/\/habitools.be\/nl\/wp-json\/wp\/v2\/types\/page"}],"author":[{"embeddable":true,"href":"https:\/\/habitools.be\/nl\/wp-json\/wp\/v2\/users\/4"}],"replies":[{"embeddable":true,"href":"https:\/\/habitools.be\/nl\/wp-json\/wp\/v2\/comments?post=111"}],"version-history":[{"count":0,"href":"https:\/\/habitools.be\/nl\/wp-json\/wp\/v2\/pages\/111\/revisions"}],"wp:attachment":[{"href":"https:\/\/habitools.be\/nl\/wp-json\/wp\/v2\/media?parent=111"}],"curies":[{"name":"wp","href":"https:\/\/api.w.org\/{rel}","templated":true}]}}