{"id":8652,"date":"2021-05-19T21:25:44","date_gmt":"2021-05-19T19:25:44","guid":{"rendered":"http:\/\/habitools.be\/?page_id=8652"},"modified":"2021-06-18T17:00:54","modified_gmt":"2021-06-18T15:00:54","slug":"tools","status":"publish","type":"page","link":"https:\/\/habitools.be\/nl\/tools\/","title":{"rendered":"Tools"},"content":{"rendered":"<p>[et_pb_section fb_built=&#8221;1&#8243; _builder_version=&#8221;4.9.4&#8243; _module_preset=&#8221;default&#8221; use_background_color_gradient=&#8221;on&#8221; background_color_gradient_start=&#8221;#e43c39&#8243; background_color_gradient_end=&#8221;#72193d&#8221; background_color_gradient_direction=&#8221;-90deg&#8221; z_index=&#8221;500&#8243; overflow-x=&#8221;visible&#8221; overflow-y=&#8221;visible&#8221; custom_padding=&#8221;0px||0px|||&#8221; hover_enabled=&#8221;0&#8243; custom_css_main_element=&#8221;position: -webkit-sticky !important;||position: sticky !important;||top: 0px;&#8221; locked=&#8221;off&#8221; disabled_on=&#8221;on|off|off&#8221; sticky_enabled=&#8221;0&#8243;][et_pb_row column_structure=&#8221;3_4,1_4&#8243; use_custom_gutter=&#8221;on&#8221; gutter_width=&#8221;1&#8243; make_equal=&#8221;on&#8221; _builder_version=&#8221;4.9.4&#8243; _module_preset=&#8221;default&#8221; overflow-x=&#8221;visible&#8221; overflow-y=&#8221;visible&#8221;][et_pb_column type=&#8221;3_4&#8243; _builder_version=&#8221;4.9.4&#8243; _module_preset=&#8221;default&#8221; overflow-x=&#8221;visible&#8221; overflow-y=&#8221;visible&#8221; custom_css_main_element=&#8221;width: 80%!important;&#8221;][et_pb_menu menu_id=&#8221;173&#8243; active_link_color=&#8221;#FFFFFF&#8221; dropdown_menu_bg_color=&#8221;#FFFFFF&#8221; dropdown_menu_line_color=&#8221;#72193d&#8221; dropdown_menu_text_color=&#8221;#72193d&#8221; dropdown_menu_active_link_color=&#8221;#72193d&#8221; mobile_menu_bg_color=&#8221;#FFFFFF&#8221; mobile_menu_text_color=&#8221;#72193d&#8221; menu_icon_color=&#8221;#FFFFFF&#8221; _builder_version=&#8221;4.9.4&#8243; _module_preset=&#8221;default&#8221; menu_text_color=&#8221;#FFFFFF&#8221; background_enable_color=&#8221;off&#8221;][\/et_pb_menu][\/et_pb_column][et_pb_column type=&#8221;1_4&#8243; _builder_version=&#8221;4.9.4&#8243; _module_preset=&#8221;default&#8221; overflow-x=&#8221;visible&#8221; overflow-y=&#8221;visible&#8221; custom_padding=&#8221;||||false|false&#8221; custom_css_main_element=&#8221;margin:auto;||width: 20%!important;&#8221;][et_pb_menu menu_id=&#8221;175&#8243; menu_style=&#8221;centered&#8221; active_link_color=&#8221;#FFFFFF&#8221; _builder_version=&#8221;4.9.4&#8243; _module_preset=&#8221;default&#8221; menu_text_color=&#8221;#FFFFFF&#8221; background_color=&#8221;#72193d&#8221; border_radii=&#8221;on|20px|20px|20px|20px&#8221;][\/et_pb_menu][\/et_pb_column][\/et_pb_row][\/et_pb_section][et_pb_section fb_built=&#8221;1&#8243; _builder_version=&#8221;4.9.4&#8243; _module_preset=&#8221;default&#8221; use_background_color_gradient=&#8221;on&#8221; background_color_gradient_start=&#8221;#e43c39&#8243; background_color_gradient_end=&#8221;#72193d&#8221; background_color_gradient_direction=&#8221;-90deg&#8221; z_index=&#8221;500&#8243; custom_padding=&#8221;0px||0px|||&#8221; hover_enabled=&#8221;0&#8243; custom_css_main_element_last_edited=&#8221;on|phone&#8221; sticky_enabled=&#8221;0&#8243; disabled_on=&#8221;off|on|on&#8221; overflow-x=&#8221;visible&#8221; overflow-y=&#8221;visible&#8221; locked=&#8221;off&#8221;][et_pb_row use_custom_gutter=&#8221;on&#8221; gutter_width=&#8221;1&#8243; make_equal=&#8221;on&#8221; _builder_version=&#8221;4.9.4&#8243; _module_preset=&#8221;default&#8221; overflow-x=&#8221;visible&#8221; overflow-y=&#8221;visible&#8221; hover_enabled=&#8221;0&#8243; sticky_enabled=&#8221;0&#8243; custom_padding=&#8221;0px||0px|||&#8221;][et_pb_column type=&#8221;4_4&#8243; _builder_version=&#8221;4.9.4&#8243; _module_preset=&#8221;default&#8221; overflow-x=&#8221;visible&#8221; overflow-y=&#8221;visible&#8221; hover_enabled=&#8221;0&#8243; sticky_enabled=&#8221;0&#8243;][et_pb_menu menu_id=&#8221;171&#8243; active_link_color=&#8221;#FFFFFF&#8221; dropdown_menu_bg_color=&#8221;#FFFFFF&#8221; dropdown_menu_line_color=&#8221;#72193d&#8221; dropdown_menu_text_color=&#8221;#72193d&#8221; dropdown_menu_active_link_color=&#8221;#72193d&#8221; mobile_menu_bg_color=&#8221;#FFFFFF&#8221; mobile_menu_text_color=&#8221;#72193d&#8221; menu_icon_color=&#8221;#FFFFFF&#8221; _builder_version=&#8221;4.9.4&#8243; _module_preset=&#8221;default&#8221; menu_text_color=&#8221;#FFFFFF&#8221; background_enable_color=&#8221;off&#8221; hover_enabled=&#8221;0&#8243; submenu_direction=&#8221;downwards&#8221; sticky_enabled=&#8221;0&#8243; custom_padding=&#8221;10px||10px||false|false&#8221; custom_margin=&#8221;||||false|false&#8221; module_alignment=&#8221;center&#8221; text_orientation=&#8221;center&#8221;][\/et_pb_menu][\/et_pb_column][\/et_pb_row][\/et_pb_section][et_pb_section fb_built=&#8221;1&#8243; next_background_color=&#8221;#ffffff&#8221; _builder_version=&#8221;4.9.4&#8243; _module_preset=&#8221;default&#8221; background_enable_color=&#8221;off&#8221; use_background_color_gradient=&#8221;on&#8221; background_color_gradient_start=&#8221;#cfc87d&#8221; background_color_gradient_end=&#8221;#933b4d&#8221; background_color_gradient_direction=&#8221;90deg&#8221; background_color_gradient_start_position=&#8221;30%&#8221; custom_padding=&#8221;||||false|false&#8221; bottom_divider_style=&#8221;asymmetric4&#8243; locked=&#8221;off&#8221;][et_pb_row column_structure=&#8221;2_3,1_3&#8243; custom_padding_last_edited=&#8221;on|phone&#8221; _builder_version=&#8221;4.9.4&#8243; _module_preset=&#8221;default&#8221; custom_padding=&#8221;|90px||90px|false|false&#8221; custom_padding_tablet=&#8221;&#8221; custom_padding_phone=&#8221;|0px||0px|false|false&#8221;][et_pb_column type=&#8221;2_3&#8243; _builder_version=&#8221;4.9.4&#8243; _module_preset=&#8221;default&#8221;][et_pb_text _builder_version=&#8221;4.9.4&#8243; _module_preset=&#8221;default&#8221; text_font=&#8221;Barlow Condensed||||||||&#8221; text_text_color=&#8221;#FFFFFF&#8221; text_font_size=&#8221;42px&#8221; text_line_height=&#8221;1em&#8221; background_layout=&#8221;dark&#8221; custom_padding=&#8221;||||false|false&#8221; animation_style=&#8221;fold&#8221; border_color_bottom=&#8221;#e43c39&#8243;]INVENTARIS VAN PEDAGOGISCHE INSTRUMENTEN[\/et_pb_text][et_pb_text _builder_version=&#8221;4.9.4&#8243; _module_preset=&#8221;default&#8221; custom_margin=&#8221;||15px|||&#8221;]<\/p>\n<p>Habitools is een inventaris van pedagogische instrumenten die de verenigingen actief rond wonen hebben ontwikkeld om hun publiek \u2018beter te laten wonen\u2019. Die pedagogische instrumenten bestaan in verschillende vormen over diverse onderwerpen. De bedoeling van de website is om de uitwisseling van die instrumenten onder sociale werkers te bevorderen.<\/p>\n<p>[\/et_pb_text][\/et_pb_column][et_pb_column type=&#8221;1_3&#8243; _builder_version=&#8221;4.9.4&#8243; _module_preset=&#8221;default&#8221;][\/et_pb_column][\/et_pb_row][\/et_pb_section][et_pb_section fb_built=&#8221;1&#8243; _builder_version=&#8221;4.9.4&#8243; _module_preset=&#8221;default&#8221; custom_padding=&#8221;0px|||||&#8221; locked=&#8221;off&#8221;][et_pb_row column_structure=&#8221;1_4,3_4&#8243; _builder_version=&#8221;4.9.4&#8243; _module_preset=&#8221;default&#8221; custom_margin=&#8221;||||false|false&#8221; custom_padding=&#8221;||||false|false&#8221;][et_pb_column type=&#8221;1_4&#8243; _builder_version=&#8221;4.9.4&#8243; _module_preset=&#8221;default&#8221;][et_pb_blurb use_icon=&#8221;on&#8221; font_icon=&#8221;%%191%%&#8221; use_icon_font_size=&#8221;on&#8221; icon_font_size=&#8221;40px&#8221; _builder_version=&#8221;4.9.4&#8243; _module_preset=&#8221;default&#8221; body_text_color=&#8221;#72193d&#8221; body_line_height=&#8221;1em&#8221; text_orientation=&#8221;center&#8221; custom_margin=&#8221;|1px|-23px|||&#8221; locked=&#8221;off&#8221;][\/et_pb_blurb][et_pb_text _builder_version=&#8221;4.9.4&#8243; _module_preset=&#8221;default&#8221; text_text_color=&#8221;#72193d&#8221; text_orientation=&#8221;center&#8221;]<\/p>\n<p>Filtrer<\/p>\n<p>[\/et_pb_text][\/et_pb_column][et_pb_column type=&#8221;3_4&#8243; _builder_version=&#8221;4.9.4&#8243; _module_preset=&#8221;default&#8221;][et_pb_blog fullwidth=&#8221;off&#8221; posts_number=&#8221;20&#8243; include_categories=&#8221;all&#8221; show_thumbnail=&#8221;off&#8221; show_more=&#8221;on&#8221; show_date=&#8221;off&#8221; show_categories=&#8221;off&#8221; _builder_version=&#8221;4.9.4&#8243; _module_preset=&#8221;default&#8221; header_font_size=&#8221;22px&#8221; meta_text_color=&#8221;#e43c39&#8243; border_width_all=&#8221;0px&#8221;][\/et_pb_blog][\/et_pb_column][\/et_pb_row][\/et_pb_section]<\/p>\n","protected":false},"excerpt":{"rendered":"<p>INVENTARIS VAN PEDAGOGISCHE INSTRUMENTENHabitools is een inventaris van pedagogische instrumenten die de verenigingen actief rond wonen hebben ontwikkeld om hun publiek \u2018beter te laten wonen\u2019. Die pedagogische instrumenten bestaan in verschillende vormen over diverse onderwerpen. De bedoeling van de website is om de uitwisseling van die instrumenten onder sociale werkers te bevorderen.Filtrer<\/p>\n","protected":false},"author":34,"featured_media":0,"parent":0,"menu_order":0,"comment_status":"closed","ping_status":"closed","template":"","meta":{"_et_pb_use_builder":"on","_et_pb_old_content":"","_et_gb_content_width":"","footnotes":""},"class_list":["post-8652","page","type-page","status-publish","hentry"],"yoast_head":"<!-- This site is optimized with the Yoast SEO plugin v27.4 - https:\/\/yoast.com\/product\/yoast-seo-wordpress\/ -->\n<title>Tools - Habitools<\/title>\n<meta name=\"robots\" content=\"index, follow, max-snippet:-1, max-image-preview:large, max-video-preview:-1\" \/>\n<link rel=\"canonical\" href=\"https:\/\/habitools.be\/outils\/\" \/>\n<meta property=\"og:locale\" content=\"nl_NL\" \/>\n<meta property=\"og:type\" content=\"article\" \/>\n<meta property=\"og:title\" content=\"Tools - Habitools\" \/>\n<meta property=\"og:description\" content=\"INVENTARIS VAN PEDAGOGISCHE INSTRUMENTENHabitools is een inventaris van pedagogische instrumenten die de verenigingen actief rond wonen hebben ontwikkeld om hun publiek \u2018beter te laten wonen\u2019. Die pedagogische instrumenten bestaan in verschillende vormen over diverse onderwerpen. De bedoeling van de website is om de uitwisseling van die instrumenten onder sociale werkers te bevorderen.Filtrer\" \/>\n<meta property=\"og:url\" content=\"https:\/\/habitools.be\/outils\/\" \/>\n<meta property=\"og:site_name\" content=\"Habitools\" \/>\n<meta property=\"article:modified_time\" content=\"2021-06-18T15:00:54+00:00\" \/>\n<meta property=\"og:image\" content=\"https:\/\/habitools.be\/wp-content\/uploads\/2021\/06\/salon-habitools1.png\" \/>\n\t<meta property=\"og:image:width\" content=\"250\" \/>\n\t<meta property=\"og:image:height\" content=\"250\" \/>\n\t<meta property=\"og:image:type\" content=\"image\/png\" \/>\n<meta name=\"twitter:card\" content=\"summary_large_image\" \/>\n<meta name=\"twitter:label1\" content=\"Est. reading time\" \/>\n\t<meta name=\"twitter:data1\" content=\"4 minutes\" \/>\n<script type=\"application\/ld+json\" class=\"yoast-schema-graph\">{\"@context\":\"https:\\\/\\\/schema.org\",\"@graph\":[{\"@type\":\"WebPage\",\"@id\":\"https:\\\/\\\/habitools.be\\\/outils\\\/\",\"url\":\"https:\\\/\\\/habitools.be\\\/outils\\\/\",\"name\":\"Tools - Habitools\",\"isPartOf\":{\"@id\":\"https:\\\/\\\/habitools.be\\\/#website\"},\"datePublished\":\"2021-05-19T19:25:44+00:00\",\"dateModified\":\"2021-06-18T15:00:54+00:00\",\"breadcrumb\":{\"@id\":\"https:\\\/\\\/habitools.be\\\/outils\\\/#breadcrumb\"},\"inLanguage\":\"nl-NL\",\"potentialAction\":[{\"@type\":\"ReadAction\",\"target\":[\"https:\\\/\\\/habitools.be\\\/outils\\\/\"]}]},{\"@type\":\"BreadcrumbList\",\"@id\":\"https:\\\/\\\/habitools.be\\\/outils\\\/#breadcrumb\",\"itemListElement\":[{\"@type\":\"ListItem\",\"position\":1,\"name\":\"Accueil\",\"item\":\"https:\\\/\\\/habitools.be\\\/nl\\\/\"},{\"@type\":\"ListItem\",\"position\":2,\"name\":\"Tools\"}]},{\"@type\":\"WebSite\",\"@id\":\"https:\\\/\\\/habitools.be\\\/#website\",\"url\":\"https:\\\/\\\/habitools.be\\\/\",\"name\":\"Habitools\",\"description\":\"Habitools est un inventaire des outils que les associations ont \u00e9t\u00e9 amen\u00e9s \u00e0 d\u00e9velopper dans leur pratique quotidienne afin de sensibiliser leurs publics \u00e0 bien habiter. Ces outils de sensibilisation touchent diff\u00e9rents th\u00e8mes, entre autres les pollutions int\u00e9rieures, les strat\u00e9gies de consommation durable, les droits et devoirs des locataires et des propri\u00e9taires, la recherche de logement, etc.\",\"publisher\":{\"@id\":\"https:\\\/\\\/habitools.be\\\/#organization\"},\"potentialAction\":[{\"@type\":\"SearchAction\",\"target\":{\"@type\":\"EntryPoint\",\"urlTemplate\":\"https:\\\/\\\/habitools.be\\\/?s={search_term_string}\"},\"query-input\":{\"@type\":\"PropertyValueSpecification\",\"valueRequired\":true,\"valueName\":\"search_term_string\"}}],\"inLanguage\":\"nl-NL\"},{\"@type\":\"Organization\",\"@id\":\"https:\\\/\\\/habitools.be\\\/#organization\",\"name\":\"Habitools\",\"url\":\"https:\\\/\\\/habitools.be\\\/\",\"logo\":{\"@type\":\"ImageObject\",\"inLanguage\":\"nl-NL\",\"@id\":\"https:\\\/\\\/habitools.be\\\/#\\\/schema\\\/logo\\\/image\\\/\",\"url\":\"http:\\\/\\\/habitools.be\\\/wp-content\\\/uploads\\\/2021\\\/06\\\/salon-habitools1.png\",\"contentUrl\":\"http:\\\/\\\/habitools.be\\\/wp-content\\\/uploads\\\/2021\\\/06\\\/salon-habitools1.png\",\"width\":250,\"height\":250,\"caption\":\"Habitools\"},\"image\":{\"@id\":\"https:\\\/\\\/habitools.be\\\/#\\\/schema\\\/logo\\\/image\\\/\"}}]}<\/script>\n<!-- \/ Yoast SEO plugin. -->","yoast_head_json":{"title":"Tools - Habitools","robots":{"index":"index","follow":"follow","max-snippet":"max-snippet:-1","max-image-preview":"max-image-preview:large","max-video-preview":"max-video-preview:-1"},"canonical":"https:\/\/habitools.be\/outils\/","og_locale":"nl_NL","og_type":"article","og_title":"Tools - Habitools","og_description":"INVENTARIS VAN PEDAGOGISCHE INSTRUMENTENHabitools is een inventaris van pedagogische instrumenten die de verenigingen actief rond wonen hebben ontwikkeld om hun publiek \u2018beter te laten wonen\u2019. Die pedagogische instrumenten bestaan in verschillende vormen over diverse onderwerpen. De bedoeling van de website is om de uitwisseling van die instrumenten onder sociale werkers te bevorderen.Filtrer","og_url":"https:\/\/habitools.be\/outils\/","og_site_name":"Habitools","article_modified_time":"2021-06-18T15:00:54+00:00","og_image":[{"width":250,"height":250,"url":"https:\/\/habitools.be\/wp-content\/uploads\/2021\/06\/salon-habitools1.png","type":"image\/png"}],"twitter_card":"summary_large_image","twitter_misc":{"Est. reading time":"4 minutes"},"schema":{"@context":"https:\/\/schema.org","@graph":[{"@type":"WebPage","@id":"https:\/\/habitools.be\/outils\/","url":"https:\/\/habitools.be\/outils\/","name":"Tools - Habitools","isPartOf":{"@id":"https:\/\/habitools.be\/#website"},"datePublished":"2021-05-19T19:25:44+00:00","dateModified":"2021-06-18T15:00:54+00:00","breadcrumb":{"@id":"https:\/\/habitools.be\/outils\/#breadcrumb"},"inLanguage":"nl-NL","potentialAction":[{"@type":"ReadAction","target":["https:\/\/habitools.be\/outils\/"]}]},{"@type":"BreadcrumbList","@id":"https:\/\/habitools.be\/outils\/#breadcrumb","itemListElement":[{"@type":"ListItem","position":1,"name":"Accueil","item":"https:\/\/habitools.be\/nl\/"},{"@type":"ListItem","position":2,"name":"Tools"}]},{"@type":"WebSite","@id":"https:\/\/habitools.be\/#website","url":"https:\/\/habitools.be\/","name":"Habitools","description":"Habitools est un inventaire des outils que les associations ont \u00e9t\u00e9 amen\u00e9s \u00e0 d\u00e9velopper dans leur pratique quotidienne afin de sensibiliser leurs publics \u00e0 bien habiter. Ces outils de sensibilisation touchent diff\u00e9rents th\u00e8mes, entre autres les pollutions int\u00e9rieures, les strat\u00e9gies de consommation durable, les droits et devoirs des locataires et des propri\u00e9taires, la recherche de logement, etc.","publisher":{"@id":"https:\/\/habitools.be\/#organization"},"potentialAction":[{"@type":"SearchAction","target":{"@type":"EntryPoint","urlTemplate":"https:\/\/habitools.be\/?s={search_term_string}"},"query-input":{"@type":"PropertyValueSpecification","valueRequired":true,"valueName":"search_term_string"}}],"inLanguage":"nl-NL"},{"@type":"Organization","@id":"https:\/\/habitools.be\/#organization","name":"Habitools","url":"https:\/\/habitools.be\/","logo":{"@type":"ImageObject","inLanguage":"nl-NL","@id":"https:\/\/habitools.be\/#\/schema\/logo\/image\/","url":"http:\/\/habitools.be\/wp-content\/uploads\/2021\/06\/salon-habitools1.png","contentUrl":"http:\/\/habitools.be\/wp-content\/uploads\/2021\/06\/salon-habitools1.png","width":250,"height":250,"caption":"Habitools"},"image":{"@id":"https:\/\/habitools.be\/#\/schema\/logo\/image\/"}}]}},"_links":{"self":[{"href":"https:\/\/habitools.be\/nl\/wp-json\/wp\/v2\/pages\/8652","targetHints":{"allow":["GET"]}}],"collection":[{"href":"https:\/\/habitools.be\/nl\/wp-json\/wp\/v2\/pages"}],"about":[{"href":"https:\/\/habitools.be\/nl\/wp-json\/wp\/v2\/types\/page"}],"author":[{"embeddable":true,"href":"https:\/\/habitools.be\/nl\/wp-json\/wp\/v2\/users\/34"}],"replies":[{"embeddable":true,"href":"https:\/\/habitools.be\/nl\/wp-json\/wp\/v2\/comments?post=8652"}],"version-history":[{"count":1,"href":"https:\/\/habitools.be\/nl\/wp-json\/wp\/v2\/pages\/8652\/revisions"}],"predecessor-version":[{"id":9349,"href":"https:\/\/habitools.be\/nl\/wp-json\/wp\/v2\/pages\/8652\/revisions\/9349"}],"wp:attachment":[{"href":"https:\/\/habitools.be\/nl\/wp-json\/wp\/v2\/media?parent=8652"}],"curies":[{"name":"wp","href":"https:\/\/api.w.org\/{rel}","templated":true}]}}