{"id":9155,"date":"2021-06-14T15:25:21","date_gmt":"2021-06-14T13:25:21","guid":{"rendered":"http:\/\/habitools.be\/?page_id=9155"},"modified":"2022-03-24T10:26:47","modified_gmt":"2022-03-24T08:26:47","slug":"habitools-2021-nl","status":"publish","type":"page","link":"https:\/\/habitools.be\/nl\/habitools-2021-nl\/","title":{"rendered":"Habitools 2021 NL"},"content":{"rendered":"<p>[et_pb_section fb_built=&#8221;1&#8243; _builder_version=&#8221;4.9.4&#8243; _module_preset=&#8221;default&#8221; background_enable_color=&#8221;off&#8221; use_background_color_gradient=&#8221;on&#8221; background_color_gradient_start=&#8221;#e43c39&#8243; background_color_gradient_end=&#8221;#cfc87d&#8221; bottom_divider_style=&#8221;ramp2&#8243; bottom_divider_color=&#8221;#cfc87d&#8221; locked=&#8221;off&#8221;][et_pb_row _builder_version=&#8221;4.9.4&#8243; _module_preset=&#8221;default&#8221;][et_pb_column type=&#8221;4_4&#8243; _builder_version=&#8221;4.9.4&#8243; _module_preset=&#8221;default&#8221;][et_pb_text _builder_version=&#8221;4.9.4&#8243; _module_preset=&#8221;default&#8221; text_font=&#8221;Barlow Condensed||||||||&#8221; text_text_color=&#8221;#FFFFFF&#8221; text_font_size=&#8221;42px&#8221; text_orientation=&#8221;center&#8221; background_layout=&#8221;dark&#8221; custom_margin=&#8221;||16px|||&#8221; locked=&#8221;off&#8221;]Habitools 2021[\/et_pb_text][\/et_pb_column][\/et_pb_row][\/et_pb_section][et_pb_section fb_built=&#8221;1&#8243; _builder_version=&#8221;4.9.4&#8243; _module_preset=&#8221;default&#8221; use_background_color_gradient=&#8221;on&#8221; background_color_gradient_start=&#8221;#cfc87d&#8221; background_color_gradient_end=&#8221;#ffffff&#8221; custom_padding=&#8221;0px||0px|||&#8221; locked=&#8221;off&#8221;][et_pb_row _builder_version=&#8221;4.9.4&#8243; _module_preset=&#8221;default&#8221; max_width=&#8221;700px&#8221; module_alignment=&#8221;center&#8221; custom_padding=&#8221;0px|||||&#8221;][et_pb_column type=&#8221;4_4&#8243; _builder_version=&#8221;4.9.4&#8243; _module_preset=&#8221;default&#8221;][et_pb_text _builder_version=&#8221;4.9.4&#8243; _module_preset=&#8221;default&#8221;]dinsdag 25 mei tot vrijdag 28 mei 2021 het online Festval Habitools.<br \/>\nHabitools heeft is een inventaris van pedagogische instrumenten die verenigingen hebben ontwikkeld om hun publiek beter te laten wonen en heeft ook als doel om de uitwisseling tussen de verenigingen aan te moedigen.<\/p>\n<p>Tijdens dit online festival, waarbij de centrale thema de strijd tegen ongezonde woningen was, boden we u aan : conferenties, voorstellingen van educatieve instrumenten, online uitwisselingen, en ook een foto-expo ter plaatse.[\/et_pb_text][\/et_pb_column][\/et_pb_row][et_pb_row _builder_version=&#8221;4.9.4&#8243; _module_preset=&#8221;default&#8221; max_width=&#8221;700px&#8221; module_alignment=&#8221;center&#8221; custom_padding=&#8221;0px|||||&#8221;][et_pb_column type=&#8221;4_4&#8243; _builder_version=&#8221;4.9.4&#8243; _module_preset=&#8221;default&#8221;][et_pb_text _builder_version=&#8221;4.9.4&#8243; _module_preset=&#8221;default&#8221;]Alle online evenementen zijn opgenomen. Hieronder vindt u de video&#8217;s van deze evenementen.<br \/>\nBelangrijk om weten: de conferenties en uitwisselingen vonden plaats in het Frans.[\/et_pb_text][et_pb_divider show_divider=&#8221;off&#8221; _builder_version=&#8221;4.9.4&#8243; _module_preset=&#8221;default&#8221;][\/et_pb_divider][\/et_pb_column][\/et_pb_row][\/et_pb_section][et_pb_section fb_built=&#8221;1&#8243; _builder_version=&#8221;4.9.4&#8243; _module_preset=&#8221;default&#8221; custom_padding=&#8221;0px|||||&#8221; locked=&#8221;off&#8221;][et_pb_row column_structure=&#8221;1_2,1_2&#8243; _builder_version=&#8221;4.9.4&#8243; _module_preset=&#8221;default&#8221;][et_pb_column type=&#8221;1_2&#8243; _builder_version=&#8221;4.9.4&#8243; _module_preset=&#8221;default&#8221;][et_pb_text _builder_version=&#8221;4.9.4&#8243; _module_preset=&#8221;default&#8221;]<\/p>\n<p>Presentatie : <strong>\u00ab Taudis\u2019Poly et Punaizo \u00bb<\/strong><br \/>12 janvier 2021<br \/>Didac\u2019Ressources (Frankrijk) \u2013 Sophie Etienne en Fathi Bouaroua<br \/><a href=\"https:\/\/www.youtube.com\/watch?v=kyqzAgm1X9U&amp;amp;t=13s\" target=\"_blank\" rel=\"noopener\">Bekijk de presentatie<\/a><br \/><a href=\"https:\/\/www.youtube.com\/watch?v=ON5fwphDN_s&amp;amp;t=348s\" target=\"_blank\" rel=\"noopener\">Bekijk de vraag- en antwoordsessie<\/a><\/p>\n<p>Conferentie : <strong>\u201cJuridische middelen om te strijden tegen ongezonde woningen: actualiteit \u00bb (Armes juridiques pour lutter contre l\u2019insalubrite\u0301 : quelques actualite\u0301s)\u201d<\/strong><br \/>25 mei 2021<br \/>Fe\u0301de\u0301ration des Services Sociaux (FDSS) \u2013 Juan Sanchez<br \/><a href=\"https:\/\/www.youtube.com\/watch?v=nydyDnsFHlI&amp;t=6s\" target=\"_blank\" rel=\"noopener\">Bekijk\u00a0<\/a><br \/><em><a href=\"http:\/\/habitools.be\/wp-content\/uploads\/2021\/06\/FDSS.pdf\">PowerPoint van de presentatie<\/a><\/em><\/p>\n<p>Presentatie : <strong>Ateliers \u00ab bricolage \u00bb<\/strong><br \/>25 mei 2021<br \/>Convivence vzw<br \/><a href=\"https:\/\/www.youtube.com\/watch?v=JV0Qv6d94g4\" target=\"_blank\" rel=\"noopener\">Bekijk<\/a><\/p>\n<p>Presentatie : <strong>Guide \u00ab Mon logement est-il de\u0301cent ? \u00bb<\/strong><br \/>25 mei 2021<br \/>Confe\u0301de\u0301ration Nationale du Logement (CNL \u2013 Frankrijk) \u2013 Jocelyne Herbinski<br \/><a href=\"https:\/\/www.youtube.com\/watch?v=1WL7txSpd0U&amp;t=43s\" target=\"_blank\" rel=\"noopener\">Bekijk<\/a><\/p>\n<p>Presentatie : <strong>\u00ab Eco-Watchers \u00bb<\/strong><br \/>25 mai 2021<br \/>Empreintes asbl \u2013 St\u00e9phanie de Ti\u00e8ge<br \/><a href=\"https:\/\/www.youtube.com\/watch?v=bffmWkBk6gw\" target=\"_blank\" rel=\"noopener\">Bekijk<\/a><br \/><a href=\"http:\/\/habitools.be\/wp-content\/uploads\/2021\/09\/20210525_Empreintes-presentation.pdf\"><em>PowerPoint van de presentatie<\/em><\/a><\/p>\n<p>Conferentie : <strong>\u00ab Lucidite\u0301 &amp; ludicite\u0301 ! \u00bb<\/strong><br \/>26 mei 2021<br \/>Michel Van Langendonckt is voorzitter van LUDO asbl (www.ludobel.be) en stichter van Sciences et Techniques du Jeu (HE2B-Iessid)<\/p>\n<p>Presentatie: <strong>Le Guide pratique de la location en Re\u0301gion bruxelloise<\/strong><br \/>26 mei 2021<br \/>Habitat &amp; Re\u0301novation asbl \u2013 Jemy Nzeyimana<br \/><a href=\"https:\/\/www.youtube.com\/watch?v=EYWsHdzub5o\" target=\"_blank\" rel=\"noopener\">Bekijk<\/a><br \/><a href=\"http:\/\/habitools.be\/wp-content\/uploads\/2021\/06\/GPL_Habitools_20210526-HR.pdf\"><em>PowerPoint van de presentatie<\/em><\/a><\/p>\n<p>Presentatie : <strong>Brochures over vervuiling binnenshuis <\/strong><br \/>26 mei 2021<br \/>Espace Environnement vzw \u2013 Etienne Delooz<br \/><a href=\"https:\/\/www.youtube.com\/watch?v=i7Tl8NspQDw\" target=\"_blank\" rel=\"noopener\">Bekijk<\/a>\u00a0<br \/><em><a href=\"http:\/\/habitools.be\/wp-content\/uploads\/2021\/06\/Espace-Environnement_2021_05_26.pdf\">PowerPoint van de presentatie<\/a><\/em><\/p>\n<p>[\/et_pb_text][\/et_pb_column][et_pb_column type=&#8221;1_2&#8243; _builder_version=&#8221;4.9.4&#8243; _module_preset=&#8221;default&#8221;][et_pb_text _builder_version=&#8221;4.9.4&#8243; _module_preset=&#8221;default&#8221;]<\/p>\n<p>Presentatie : <strong>Vochtspel<\/strong><br \/>26 mei 2021<br \/>La Rue vzw -\u2013Omar Naga<br \/><a href=\"https:\/\/www.youtube.com\/watch?v=xXU6ZJgGI_g\" target=\"_blank\" rel=\"noopener\">Bekijk<\/a><\/p>\n<p>Presentatie : <strong>SOS Taudis et Abbe\u0301 Road<\/strong><br \/>27 mei 2021<br \/>Fondation Abbe\u0301 Pierre (Frankrijk) \u2013 Ga\u00ebl Mastebois en Antoine Poulet<br \/><a href=\"https:\/\/www.youtube.com\/watch?v=y-eHd334t-U\" target=\"_blank\" rel=\"noopener\">Bekijk<\/a>\u00a0<br \/><em><a href=\"http:\/\/habitools.be\/wp-content\/uploads\/2021\/06\/Presentation-Abbe-Road-et-SOS-Taudis.pdf\">PowerPoint van de presentatie<\/a><\/em><\/p>\n<p>Presentatie : <strong>Diens Chez Toi\u0302t<\/strong><br \/>27 mei 2021<br \/>Comme chez nous vzw \u2013 St\u00e9phanie Cassilde<br \/><a href=\"https:\/\/www.youtube.com\/watch?v=jYTNIeYCxrA\" target=\"_blank\" rel=\"noopener\">Bekijk<\/a><br \/><a href=\"http:\/\/habitools.be\/wp-content\/uploads\/2021\/12\/2021_05_27-Comme-chez-nous-presentation.pdf\"><em>PowerPoint van de presentatie<\/em><\/a><\/p>\n<p>Conferentie : <strong>\u00ab Sociale begeleiding in de huisvesting\u00bb<\/strong><br \/>27 mei 2021<br \/>Relogeas vzw &#8211; Anne-Catherine Rizzo en Estelle Richir<br \/><a href=\"https:\/\/www.youtube.com\/watch?v=jYTNIeYCxrA\" target=\"_blank\" rel=\"noopener\">Bekijk<\/a><br \/><a href=\"http:\/\/habitools.be\/wp-content\/uploads\/2021\/06\/Relogeas.pdf\"><em>PowerPoint van de presentatie<\/em><\/a><\/p>\n<p>Conferentie : <strong>\u00ab De Gewestelijke Inspectiedienst voor de Huisvesting (DIRL) in Brussel\u00bb<\/strong><br \/>28 mei 2021<br \/>Sophie Gre\u0301goire, Directrice van de Directie Gewestelijke Huisvestingsinspectie<br \/><a href=\"https:\/\/www.youtube.com\/watch?v=i5FRrot9nfE\" target=\"_blank\" rel=\"noopener\">Bekijk<\/a><br \/><em><a href=\"http:\/\/habitools.be\/wp-content\/uploads\/2021\/06\/210528-DIRL.pdf\">PowerPoint van de presentatie<\/a><\/em><\/p>\n<p>Presentatie : <strong>Studie \u00ab Justitie en ongezonde woningen<\/strong><br \/>28 mei 2021<br \/>Brusselse Bond voor het recht op huisvesting (BBRoW) \u2013 Carole Dumont<br \/><a href=\"https:\/\/www.youtube.com\/watch?v=3Ow7IWt1qbw\" target=\"_blank\" rel=\"noopener\">Bekijk<\/a><br \/><a href=\"http:\/\/habitools.be\/wp-content\/uploads\/2021\/06\/etude-Justice-de-paix.pdf\"><em>PowerPoint van de presentatie<\/em><\/a><\/p>\n<p>Presentatie : <strong>\u00ab Le processus de me\u0301diation en cas de conflit lie\u0301 a\u0300 l\u2019habitat \u00bb<\/strong><br \/>28 mei 2021<br \/><span>Dienst Bemiddeling\u00a0van de gemeente Molenbeek\u00a0<\/span> \u2013 Nathalie Philippart en Ilham Bensa\u00efd<br \/><a href=\"https:\/\/www.youtube.com\/watch?v=7QbxwKwx0QI\" target=\"_blank\" rel=\"noopener\">Bekijk<\/a><br \/><a href=\"http:\/\/habitools.be\/wp-content\/uploads\/2021\/06\/28052021-1080.pdf\"><em>PowerPoint van de presentatie<\/em><\/a><\/p>\n<p>[\/et_pb_text][\/et_pb_column][\/et_pb_row][\/et_pb_section][et_pb_section fb_built=&#8221;1&#8243; _builder_version=&#8221;4.9.4&#8243; _module_preset=&#8221;default&#8221; use_background_color_gradient=&#8221;on&#8221; background_color_gradient_start=&#8221;#ffffff&#8221; background_color_gradient_end=&#8221;#cfc87d&#8221; custom_padding=&#8221;0px|||||&#8221; locked=&#8221;off&#8221;][et_pb_row _builder_version=&#8221;4.9.4&#8243; _module_preset=&#8221;default&#8221; max_width=&#8221;700px&#8221; module_alignment=&#8221;center&#8221; custom_padding=&#8221;0px|||||&#8221; locked=&#8221;off&#8221;][et_pb_column type=&#8221;4_4&#8243; _builder_version=&#8221;4.9.4&#8243; _module_preset=&#8221;default&#8221;][et_pb_text _builder_version=&#8221;4.9.4&#8243; _module_preset=&#8221;default&#8221;]<\/p>\n<h1>De fototentoonstelling \u201cMIJN HUUR IS TE DUUR\u201d<\/h1>\n<p>&nbsp;<\/p>\n<p>De fototentoonstelling \u201cMIJN HUUR IS TE DUUR\u201d maakt het onzichtbare zichtbaar van de \u201ckwaliteit- prijsverhouding\u201d van woningen en de huurprijzen die worden gehanteerd binnen onze wijken. Het stelt ons in staat te zien \u201cwelke woningen te huur worden aangeboden, tegen welke prijs\u201d en \u201choe onzeker de inwoners zijn en lijden bij de keuze van de te huren woningen \u201c.<\/p>\n<p><strong>Openingstijden<\/strong><br \/>\nGratis toegang van dinsdag 25 mei tot zondag 27 juni 2021<br \/>\n\u2022 maandag t\/m vrijdag van 10.00 tot 17.00 uur<br \/>\n\u2022 weekend van 14.00 tot 17.00 uur<br \/>\nRondleidingen op afspraak via mail : sasudu.molenbeek@gmail.com<br \/>\nof telefoon 0494 037 925 of 0499 877 669.[\/et_pb_text][et_pb_divider show_divider=&#8221;off&#8221; _builder_version=&#8221;4.9.4&#8243; _module_preset=&#8221;default&#8221;][\/et_pb_divider][\/et_pb_column][\/et_pb_row][\/et_pb_section]<\/p>\n","protected":false},"excerpt":{"rendered":"<p>Habitools 2021dinsdag 25 mei tot vrijdag 28 mei 2021 het online Festval Habitools. Habitools heeft is een inventaris van pedagogische instrumenten die verenigingen hebben ontwikkeld om hun publiek beter te laten wonen en heeft ook als doel om de uitwisseling tussen de verenigingen aan te moedigen. Tijdens dit online festival, waarbij de centrale thema de [&hellip;]<\/p>\n","protected":false},"author":122,"featured_media":0,"parent":0,"menu_order":0,"comment_status":"closed","ping_status":"closed","template":"","meta":{"_et_pb_use_builder":"on","_et_pb_old_content":"","_et_gb_content_width":"","footnotes":""},"class_list":["post-9155","page","type-page","status-publish","hentry"],"yoast_head":"<!-- This site is optimized with the Yoast SEO plugin v27.3 - https:\/\/yoast.com\/product\/yoast-seo-wordpress\/ -->\n<title>Habitools 2021 NL - Habitools<\/title>\n<meta name=\"robots\" content=\"index, follow, max-snippet:-1, max-image-preview:large, max-video-preview:-1\" \/>\n<link rel=\"canonical\" href=\"https:\/\/habitools.be\/habitools-2021\/\" \/>\n<meta property=\"og:locale\" content=\"nl_NL\" \/>\n<meta property=\"og:type\" content=\"article\" \/>\n<meta property=\"og:title\" content=\"Habitools 2021 NL - Habitools\" \/>\n<meta property=\"og:description\" content=\"Habitools 2021dinsdag 25 mei tot vrijdag 28 mei 2021 het online Festval Habitools. Habitools heeft is een inventaris van pedagogische instrumenten die verenigingen hebben ontwikkeld om hun publiek beter te laten wonen en heeft ook als doel om de uitwisseling tussen de verenigingen aan te moedigen. Tijdens dit online festival, waarbij de centrale thema de [&hellip;]\" \/>\n<meta property=\"og:url\" content=\"https:\/\/habitools.be\/habitools-2021\/\" \/>\n<meta property=\"og:site_name\" content=\"Habitools\" \/>\n<meta property=\"article:modified_time\" content=\"2022-03-24T08:26:47+00:00\" \/>\n<meta property=\"og:image\" content=\"https:\/\/habitools.be\/wp-content\/uploads\/2021\/06\/salon-habitools1.png\" \/>\n\t<meta property=\"og:image:width\" content=\"250\" \/>\n\t<meta property=\"og:image:height\" content=\"250\" \/>\n\t<meta property=\"og:image:type\" content=\"image\/png\" \/>\n<meta name=\"twitter:card\" content=\"summary_large_image\" \/>\n<meta name=\"twitter:label1\" content=\"Est. reading time\" \/>\n\t<meta name=\"twitter:data1\" content=\"4 minutes\" \/>\n<script type=\"application\/ld+json\" class=\"yoast-schema-graph\">{\"@context\":\"https:\\\/\\\/schema.org\",\"@graph\":[{\"@type\":\"WebPage\",\"@id\":\"https:\\\/\\\/habitools.be\\\/habitools-2021\\\/\",\"url\":\"https:\\\/\\\/habitools.be\\\/habitools-2021\\\/\",\"name\":\"Habitools 2021 NL - Habitools\",\"isPartOf\":{\"@id\":\"https:\\\/\\\/habitools.be\\\/#website\"},\"datePublished\":\"2021-06-14T13:25:21+00:00\",\"dateModified\":\"2022-03-24T08:26:47+00:00\",\"breadcrumb\":{\"@id\":\"https:\\\/\\\/habitools.be\\\/habitools-2021\\\/#breadcrumb\"},\"inLanguage\":\"nl-NL\",\"potentialAction\":[{\"@type\":\"ReadAction\",\"target\":[\"https:\\\/\\\/habitools.be\\\/habitools-2021\\\/\"]}]},{\"@type\":\"BreadcrumbList\",\"@id\":\"https:\\\/\\\/habitools.be\\\/habitools-2021\\\/#breadcrumb\",\"itemListElement\":[{\"@type\":\"ListItem\",\"position\":1,\"name\":\"Accueil\",\"item\":\"https:\\\/\\\/habitools.be\\\/nl\\\/\"},{\"@type\":\"ListItem\",\"position\":2,\"name\":\"Habitools 2021 NL\"}]},{\"@type\":\"WebSite\",\"@id\":\"https:\\\/\\\/habitools.be\\\/#website\",\"url\":\"https:\\\/\\\/habitools.be\\\/\",\"name\":\"Habitools\",\"description\":\"Habitools est un inventaire des outils que les associations ont \u00e9t\u00e9 amen\u00e9s \u00e0 d\u00e9velopper dans leur pratique quotidienne afin de sensibiliser leurs publics \u00e0 bien habiter. Ces outils de sensibilisation touchent diff\u00e9rents th\u00e8mes, entre autres les pollutions int\u00e9rieures, les strat\u00e9gies de consommation durable, les droits et devoirs des locataires et des propri\u00e9taires, la recherche de logement, etc.\",\"publisher\":{\"@id\":\"https:\\\/\\\/habitools.be\\\/#organization\"},\"potentialAction\":[{\"@type\":\"SearchAction\",\"target\":{\"@type\":\"EntryPoint\",\"urlTemplate\":\"https:\\\/\\\/habitools.be\\\/?s={search_term_string}\"},\"query-input\":{\"@type\":\"PropertyValueSpecification\",\"valueRequired\":true,\"valueName\":\"search_term_string\"}}],\"inLanguage\":\"nl-NL\"},{\"@type\":\"Organization\",\"@id\":\"https:\\\/\\\/habitools.be\\\/#organization\",\"name\":\"Habitools\",\"url\":\"https:\\\/\\\/habitools.be\\\/\",\"logo\":{\"@type\":\"ImageObject\",\"inLanguage\":\"nl-NL\",\"@id\":\"https:\\\/\\\/habitools.be\\\/#\\\/schema\\\/logo\\\/image\\\/\",\"url\":\"http:\\\/\\\/habitools.be\\\/wp-content\\\/uploads\\\/2021\\\/06\\\/salon-habitools1.png\",\"contentUrl\":\"http:\\\/\\\/habitools.be\\\/wp-content\\\/uploads\\\/2021\\\/06\\\/salon-habitools1.png\",\"width\":250,\"height\":250,\"caption\":\"Habitools\"},\"image\":{\"@id\":\"https:\\\/\\\/habitools.be\\\/#\\\/schema\\\/logo\\\/image\\\/\"}}]}<\/script>\n<!-- \/ Yoast SEO plugin. -->","yoast_head_json":{"title":"Habitools 2021 NL - Habitools","robots":{"index":"index","follow":"follow","max-snippet":"max-snippet:-1","max-image-preview":"max-image-preview:large","max-video-preview":"max-video-preview:-1"},"canonical":"https:\/\/habitools.be\/habitools-2021\/","og_locale":"nl_NL","og_type":"article","og_title":"Habitools 2021 NL - Habitools","og_description":"Habitools 2021dinsdag 25 mei tot vrijdag 28 mei 2021 het online Festval Habitools. Habitools heeft is een inventaris van pedagogische instrumenten die verenigingen hebben ontwikkeld om hun publiek beter te laten wonen en heeft ook als doel om de uitwisseling tussen de verenigingen aan te moedigen. Tijdens dit online festival, waarbij de centrale thema de [&hellip;]","og_url":"https:\/\/habitools.be\/habitools-2021\/","og_site_name":"Habitools","article_modified_time":"2022-03-24T08:26:47+00:00","og_image":[{"width":250,"height":250,"url":"https:\/\/habitools.be\/wp-content\/uploads\/2021\/06\/salon-habitools1.png","type":"image\/png"}],"twitter_card":"summary_large_image","twitter_misc":{"Est. reading time":"4 minutes"},"schema":{"@context":"https:\/\/schema.org","@graph":[{"@type":"WebPage","@id":"https:\/\/habitools.be\/habitools-2021\/","url":"https:\/\/habitools.be\/habitools-2021\/","name":"Habitools 2021 NL - Habitools","isPartOf":{"@id":"https:\/\/habitools.be\/#website"},"datePublished":"2021-06-14T13:25:21+00:00","dateModified":"2022-03-24T08:26:47+00:00","breadcrumb":{"@id":"https:\/\/habitools.be\/habitools-2021\/#breadcrumb"},"inLanguage":"nl-NL","potentialAction":[{"@type":"ReadAction","target":["https:\/\/habitools.be\/habitools-2021\/"]}]},{"@type":"BreadcrumbList","@id":"https:\/\/habitools.be\/habitools-2021\/#breadcrumb","itemListElement":[{"@type":"ListItem","position":1,"name":"Accueil","item":"https:\/\/habitools.be\/nl\/"},{"@type":"ListItem","position":2,"name":"Habitools 2021 NL"}]},{"@type":"WebSite","@id":"https:\/\/habitools.be\/#website","url":"https:\/\/habitools.be\/","name":"Habitools","description":"Habitools est un inventaire des outils que les associations ont \u00e9t\u00e9 amen\u00e9s \u00e0 d\u00e9velopper dans leur pratique quotidienne afin de sensibiliser leurs publics \u00e0 bien habiter. Ces outils de sensibilisation touchent diff\u00e9rents th\u00e8mes, entre autres les pollutions int\u00e9rieures, les strat\u00e9gies de consommation durable, les droits et devoirs des locataires et des propri\u00e9taires, la recherche de logement, etc.","publisher":{"@id":"https:\/\/habitools.be\/#organization"},"potentialAction":[{"@type":"SearchAction","target":{"@type":"EntryPoint","urlTemplate":"https:\/\/habitools.be\/?s={search_term_string}"},"query-input":{"@type":"PropertyValueSpecification","valueRequired":true,"valueName":"search_term_string"}}],"inLanguage":"nl-NL"},{"@type":"Organization","@id":"https:\/\/habitools.be\/#organization","name":"Habitools","url":"https:\/\/habitools.be\/","logo":{"@type":"ImageObject","inLanguage":"nl-NL","@id":"https:\/\/habitools.be\/#\/schema\/logo\/image\/","url":"http:\/\/habitools.be\/wp-content\/uploads\/2021\/06\/salon-habitools1.png","contentUrl":"http:\/\/habitools.be\/wp-content\/uploads\/2021\/06\/salon-habitools1.png","width":250,"height":250,"caption":"Habitools"},"image":{"@id":"https:\/\/habitools.be\/#\/schema\/logo\/image\/"}}]}},"_links":{"self":[{"href":"https:\/\/habitools.be\/nl\/wp-json\/wp\/v2\/pages\/9155","targetHints":{"allow":["GET"]}}],"collection":[{"href":"https:\/\/habitools.be\/nl\/wp-json\/wp\/v2\/pages"}],"about":[{"href":"https:\/\/habitools.be\/nl\/wp-json\/wp\/v2\/types\/page"}],"author":[{"embeddable":true,"href":"https:\/\/habitools.be\/nl\/wp-json\/wp\/v2\/users\/122"}],"replies":[{"embeddable":true,"href":"https:\/\/habitools.be\/nl\/wp-json\/wp\/v2\/comments?post=9155"}],"version-history":[{"count":0,"href":"https:\/\/habitools.be\/nl\/wp-json\/wp\/v2\/pages\/9155\/revisions"}],"wp:attachment":[{"href":"https:\/\/habitools.be\/nl\/wp-json\/wp\/v2\/media?parent=9155"}],"curies":[{"name":"wp","href":"https:\/\/api.w.org\/{rel}","templated":true}]}}