{"id":9267,"date":"2021-06-16T21:06:28","date_gmt":"2021-06-16T19:06:28","guid":{"rendered":"http:\/\/habitools.be\/?page_id=9267"},"modified":"2021-06-16T21:07:48","modified_gmt":"2021-06-16T19:07:48","slug":"tools-old","status":"publish","type":"page","link":"https:\/\/habitools.be\/nl\/tools-old\/","title":{"rendered":"Tools &#8211; old"},"content":{"rendered":"<p>[et_pb_section fb_built=&#8221;1&#8243; next_background_color=&#8221;#ffffff&#8221; _builder_version=&#8221;4.9.4&#8243; _module_preset=&#8221;default&#8221; background_color=&#8221;#cfc87d&#8221; use_background_color_gradient=&#8221;on&#8221; background_color_gradient_start=&#8221;#cfc87d&#8221; background_color_gradient_end=&#8221;#933b4d&#8221; background_color_gradient_direction=&#8221;90deg&#8221; background_color_gradient_start_position=&#8221;13%&#8221; bottom_divider_style=&#8221;asymmetric4&#8243; locked=&#8221;off&#8221;][et_pb_row _builder_version=&#8221;4.9.4&#8243; _module_preset=&#8221;default&#8221;][et_pb_column type=&#8221;4_4&#8243; _builder_version=&#8221;4.9.4&#8243; _module_preset=&#8221;default&#8221;][et_pb_text _builder_version=&#8221;4.9.4&#8243; _module_preset=&#8221;default&#8221; text_font=&#8221;Barlow Condensed||||||||&#8221; text_text_color=&#8221;#FFFFFF&#8221; text_font_size=&#8221;42px&#8221; text_orientation=&#8221;center&#8221; background_layout=&#8221;dark&#8221;]<\/p>\n<p>Tools<\/p>\n<p>[\/et_pb_text][et_pb_text _builder_version=&#8221;4.9.4&#8243; _module_preset=&#8221;default&#8221; text_text_color=&#8221;#FFFFFF&#8221; text_font_size=&#8221;19px&#8221; text_orientation=&#8221;center&#8221; custom_margin=&#8221;||45px|||&#8221;]<\/p>\n<p>Binnenkort vindt u hier een inventaris van pedagogische instrumenten rond wonen<\/p>\n<p>[\/et_pb_text][\/et_pb_column][\/et_pb_row][\/et_pb_section][et_pb_section fb_built=&#8221;1&#8243; _builder_version=&#8221;4.9.4&#8243; _module_preset=&#8221;default&#8221; locked=&#8221;off&#8221;][et_pb_row column_structure=&#8221;1_4,1_4,1_4,1_4&#8243; use_custom_gutter=&#8221;on&#8221; gutter_width=&#8221;2&#8243; _builder_version=&#8221;4.9.4&#8243; _module_preset=&#8221;default&#8221; overflow-x=&#8221;hidden&#8221; overflow-y=&#8221;hidden&#8221;][et_pb_column type=&#8221;1_4&#8243; _builder_version=&#8221;4.9.4&#8243; _module_preset=&#8221;default&#8221; background_image=&#8221;http:\/\/habitools.be\/wp-content\/uploads\/2021\/05\/aankoop.jpg&#8221; custom_css_main_element=&#8221;height:245px;&#8221;][et_pb_text _builder_version=&#8221;4.9.4&#8243; _module_preset=&#8221;default&#8221; text_text_color=&#8221;#FFFFFF&#8221; background_enable_color=&#8221;off&#8221; background_enable_image=&#8221;off&#8221; text_orientation=&#8221;center&#8221; background_layout=&#8221;dark&#8221; height=&#8221;245px&#8221; custom_padding=&#8221;250px||||false|false&#8221; custom_padding__hover_enabled=&#8221;on|desktop&#8221; custom_padding__hover=&#8221;210px||||false|false&#8221; background__hover_enabled=&#8221;on|hover&#8221; background_color__hover=&#8221;rgba(0,0,0,0.2)&#8221; background_enable_color__hover=&#8221;on&#8221;]<\/p>\n<h1>0 tools<\/h1>\n<p>[\/et_pb_text][et_pb_text _builder_version=&#8221;4.9.4&#8243; _module_preset=&#8221;default&#8221; text_text_color=&#8221;#FFFFFF&#8221; background_enable_color=&#8221;off&#8221; background_enable_image=&#8221;off&#8221; text_orientation=&#8221;center&#8221; background_layout=&#8221;dark&#8221; height=&#8221;245px&#8221; custom_padding=&#8221;250px||||false|false&#8221; custom_padding__hover_enabled=&#8221;on|hover&#8221; custom_padding__hover=&#8221;200px||||false|false&#8221;]<\/p>\n<h1>0 outils<\/h1>\n<p>[\/et_pb_text][et_pb_text _builder_version=&#8221;4.9.4&#8243; _module_preset=&#8221;default&#8221; text_text_color=&#8221;#FFFFFF&#8221; background_enable_color=&#8221;off&#8221; background_enable_image=&#8221;off&#8221; text_orientation=&#8221;center&#8221; background_layout=&#8221;dark&#8221; height=&#8221;245px&#8221; custom_padding=&#8221;250px||||false|false&#8221; custom_padding__hover_enabled=&#8221;on|hover&#8221; custom_padding__hover=&#8221;200px||||false|false&#8221;]<\/p>\n<h1>0 outils<\/h1>\n<p>[\/et_pb_text][et_pb_text _builder_version=&#8221;4.9.4&#8243; _module_preset=&#8221;default&#8221; text_text_color=&#8221;#FFFFFF&#8221; background_enable_color=&#8221;off&#8221; background_enable_image=&#8221;off&#8221; text_orientation=&#8221;center&#8221; background_layout=&#8221;dark&#8221; height=&#8221;245px&#8221; custom_padding=&#8221;250px||||false|false&#8221; custom_padding__hover_enabled=&#8221;on|hover&#8221; custom_padding__hover=&#8221;200px||||false|false&#8221;]<\/p>\n<h1>0 outils<\/h1>\n<p>[\/et_pb_text][et_pb_text _builder_version=&#8221;4.9.4&#8243; _module_preset=&#8221;default&#8221; text_text_color=&#8221;#FFFFFF&#8221; background_enable_color=&#8221;off&#8221; background_enable_image=&#8221;off&#8221; text_orientation=&#8221;center&#8221; background_layout=&#8221;dark&#8221; height=&#8221;245px&#8221; custom_padding=&#8221;250px||||false|false&#8221; custom_padding__hover_enabled=&#8221;on|hover&#8221; custom_padding__hover=&#8221;200px||||false|false&#8221;]<\/p>\n<h1>0 outils<\/h1>\n<p>[\/et_pb_text][\/et_pb_column][et_pb_column type=&#8221;1_4&#8243; _builder_version=&#8221;4.9.4&#8243; _module_preset=&#8221;default&#8221; background_image=&#8221;http:\/\/habitools.be\/wp-content\/uploads\/2021\/05\/energie-1.jpg&#8221; overflow-x=&#8221;hidden&#8221; overflow-y=&#8221;hidden&#8221; custom_css_main_element=&#8221;height:245px;&#8221;][et_pb_text _builder_version=&#8221;4.9.4&#8243; _module_preset=&#8221;default&#8221; text_text_color=&#8221;#FFFFFF&#8221; background_enable_color=&#8221;off&#8221; background_enable_image=&#8221;off&#8221; text_orientation=&#8221;center&#8221; background_layout=&#8221;dark&#8221; height=&#8221;245px&#8221; custom_padding=&#8221;250px||||false|false&#8221; custom_padding__hover_enabled=&#8221;on|desktop&#8221; custom_padding__hover=&#8221;210px||||false|false&#8221; background__hover_enabled=&#8221;on|hover&#8221; background_color__hover=&#8221;rgba(0,0,0,0.2)&#8221; background_enable_color__hover=&#8221;on&#8221;]<\/p>\n<h1>0 tools<\/h1>\n<p>[\/et_pb_text][et_pb_text _builder_version=&#8221;4.9.4&#8243; _module_preset=&#8221;default&#8221; text_text_color=&#8221;#FFFFFF&#8221; background_enable_color=&#8221;off&#8221; background_enable_image=&#8221;off&#8221; text_orientation=&#8221;center&#8221; background_layout=&#8221;dark&#8221; height=&#8221;245px&#8221; custom_padding=&#8221;250px||||false|false&#8221; custom_padding__hover_enabled=&#8221;on|desktop&#8221; custom_padding__hover=&#8221;210px||||false|false&#8221; background__hover_enabled=&#8221;on|hover&#8221; background_color__hover=&#8221;rgba(0,0,0,0.2)&#8221; background_enable_color__hover=&#8221;on&#8221;]<\/p>\n<h1>0 outils<\/h1>\n<p>[\/et_pb_text][\/et_pb_column][et_pb_column type=&#8221;1_4&#8243; _builder_version=&#8221;4.9.4&#8243; _module_preset=&#8221;default&#8221; background_image=&#8221;http:\/\/habitools.be\/wp-content\/uploads\/2021\/05\/uitwisselingsgroepen.jpg&#8221; overflow-x=&#8221;hidden&#8221; overflow-y=&#8221;hidden&#8221; custom_css_main_element=&#8221;height:245px;&#8221;][et_pb_text _builder_version=&#8221;4.9.4&#8243; _module_preset=&#8221;default&#8221; text_text_color=&#8221;#FFFFFF&#8221; background_enable_color=&#8221;off&#8221; background_enable_image=&#8221;off&#8221; text_orientation=&#8221;center&#8221; background_layout=&#8221;dark&#8221; height=&#8221;245px&#8221; custom_padding=&#8221;250px||||false|false&#8221; custom_padding__hover_enabled=&#8221;on|desktop&#8221; custom_padding__hover=&#8221;210px||||false|false&#8221; background__hover_enabled=&#8221;on|hover&#8221; background_color__hover=&#8221;rgba(0,0,0,0.2)&#8221; background_enable_color__hover=&#8221;on&#8221;]<\/p>\n<h1>0 tools<\/h1>\n<p>[\/et_pb_text][\/et_pb_column][et_pb_column type=&#8221;1_4&#8243; _builder_version=&#8221;4.9.4&#8243; _module_preset=&#8221;default&#8221; background_image=&#8221;http:\/\/habitools.be\/wp-content\/uploads\/2021\/05\/huren.jpg&#8221; overflow-x=&#8221;hidden&#8221; overflow-y=&#8221;hidden&#8221; custom_css_main_element=&#8221;height:245px;&#8221;][et_pb_text _builder_version=&#8221;4.9.4&#8243; _module_preset=&#8221;default&#8221; text_text_color=&#8221;#FFFFFF&#8221; background_enable_color=&#8221;off&#8221; background_enable_image=&#8221;off&#8221; text_orientation=&#8221;center&#8221; background_layout=&#8221;dark&#8221; height=&#8221;245px&#8221; custom_padding=&#8221;250px||||false|false&#8221; custom_padding__hover_enabled=&#8221;on|desktop&#8221; custom_padding__hover=&#8221;210px||||false|false&#8221; background__hover_enabled=&#8221;on|hover&#8221; background_color__hover=&#8221;rgba(0,0,0,0.2)&#8221; background_enable_color__hover=&#8221;on&#8221;]<\/p>\n<h1>0 tools<\/h1>\n<p>[\/et_pb_text][\/et_pb_column][\/et_pb_row][et_pb_row column_structure=&#8221;1_4,1_4,1_4,1_4&#8243; use_custom_gutter=&#8221;on&#8221; gutter_width=&#8221;2&#8243; _builder_version=&#8221;4.9.4&#8243; _module_preset=&#8221;default&#8221; overflow-x=&#8221;hidden&#8221; overflow-y=&#8221;hidden&#8221;][et_pb_column type=&#8221;1_4&#8243; _builder_version=&#8221;4.9.4&#8243; _module_preset=&#8221;default&#8221; background_image=&#8221;http:\/\/habitools.be\/wp-content\/uploads\/2021\/05\/leegstande-woningen.jpg&#8221; custom_css_main_element=&#8221;height:245px;&#8221;][et_pb_text _builder_version=&#8221;4.9.4&#8243; _module_preset=&#8221;default&#8221; text_text_color=&#8221;#FFFFFF&#8221; background_enable_color=&#8221;off&#8221; background_enable_image=&#8221;off&#8221; text_orientation=&#8221;center&#8221; background_layout=&#8221;dark&#8221; height=&#8221;245px&#8221; custom_padding=&#8221;250px||||false|false&#8221; custom_padding__hover_enabled=&#8221;on|desktop&#8221; custom_padding__hover=&#8221;210px||||false|false&#8221; background__hover_enabled=&#8221;on|hover&#8221; background_color__hover=&#8221;rgba(0,0,0,0.2)&#8221; background_enable_color__hover=&#8221;on&#8221;]<\/p>\n<h1>0 tools<\/h1>\n<p>[\/et_pb_text][et_pb_text _builder_version=&#8221;4.9.4&#8243; _module_preset=&#8221;default&#8221; text_text_color=&#8221;#FFFFFF&#8221; background_enable_color=&#8221;off&#8221; background_enable_image=&#8221;off&#8221; text_orientation=&#8221;center&#8221; background_layout=&#8221;dark&#8221; height=&#8221;245px&#8221; custom_padding=&#8221;250px||||false|false&#8221; custom_padding__hover_enabled=&#8221;on|hover&#8221; custom_padding__hover=&#8221;200px||||false|false&#8221;]<\/p>\n<h1>0 outils<\/h1>\n<p>[\/et_pb_text][et_pb_text _builder_version=&#8221;4.9.4&#8243; _module_preset=&#8221;default&#8221; text_text_color=&#8221;#FFFFFF&#8221; background_enable_color=&#8221;off&#8221; background_enable_image=&#8221;off&#8221; text_orientation=&#8221;center&#8221; background_layout=&#8221;dark&#8221; height=&#8221;245px&#8221; custom_padding=&#8221;250px||||false|false&#8221; custom_padding__hover_enabled=&#8221;on|hover&#8221; custom_padding__hover=&#8221;200px||||false|false&#8221;]<\/p>\n<h1>0 outils<\/h1>\n<p>[\/et_pb_text][et_pb_text _builder_version=&#8221;4.9.4&#8243; _module_preset=&#8221;default&#8221; text_text_color=&#8221;#FFFFFF&#8221; background_enable_color=&#8221;off&#8221; background_enable_image=&#8221;off&#8221; text_orientation=&#8221;center&#8221; background_layout=&#8221;dark&#8221; height=&#8221;245px&#8221; custom_padding=&#8221;250px||||false|false&#8221; custom_padding__hover_enabled=&#8221;on|hover&#8221; custom_padding__hover=&#8221;200px||||false|false&#8221;]<\/p>\n<h1>0 outils<\/h1>\n<p>[\/et_pb_text][et_pb_text _builder_version=&#8221;4.9.4&#8243; _module_preset=&#8221;default&#8221; text_text_color=&#8221;#FFFFFF&#8221; background_enable_color=&#8221;off&#8221; background_enable_image=&#8221;off&#8221; text_orientation=&#8221;center&#8221; background_layout=&#8221;dark&#8221; height=&#8221;245px&#8221; custom_padding=&#8221;250px||||false|false&#8221; custom_padding__hover_enabled=&#8221;on|hover&#8221; custom_padding__hover=&#8221;200px||||false|false&#8221;]<\/p>\n<h1>0 outils<\/h1>\n<p>[\/et_pb_text][\/et_pb_column][et_pb_column type=&#8221;1_4&#8243; _builder_version=&#8221;4.9.4&#8243; _module_preset=&#8221;default&#8221; background_image=&#8221;http:\/\/habitools.be\/wp-content\/uploads\/2021\/05\/doelgroepen.jpg&#8221; overflow-x=&#8221;hidden&#8221; overflow-y=&#8221;hidden&#8221; custom_css_main_element=&#8221;height:245px;&#8221;][et_pb_text _builder_version=&#8221;4.9.4&#8243; _module_preset=&#8221;default&#8221; text_text_color=&#8221;#FFFFFF&#8221; background_enable_color=&#8221;off&#8221; background_enable_image=&#8221;off&#8221; text_orientation=&#8221;center&#8221; background_layout=&#8221;dark&#8221; height=&#8221;245px&#8221; custom_padding=&#8221;250px||||false|false&#8221; custom_padding__hover_enabled=&#8221;on|desktop&#8221; custom_padding__hover=&#8221;210px||||false|false&#8221; background__hover_enabled=&#8221;on|hover&#8221; background_color__hover=&#8221;rgba(0,0,0,0.2)&#8221; background_enable_color__hover=&#8221;on&#8221;]<\/p>\n<h1>0 tools<\/h1>\n<p>[\/et_pb_text][et_pb_text _builder_version=&#8221;4.9.4&#8243; _module_preset=&#8221;default&#8221; text_text_color=&#8221;#FFFFFF&#8221; background_enable_color=&#8221;off&#8221; background_enable_image=&#8221;off&#8221; text_orientation=&#8221;center&#8221; background_layout=&#8221;dark&#8221; height=&#8221;245px&#8221; custom_padding=&#8221;250px||||false|false&#8221; custom_padding__hover_enabled=&#8221;on|desktop&#8221; custom_padding__hover=&#8221;210px||||false|false&#8221; background__hover_enabled=&#8221;on|hover&#8221; background_color__hover=&#8221;rgba(0,0,0,0.2)&#8221; background_enable_color__hover=&#8221;on&#8221;]<\/p>\n<h1>0 outils<\/h1>\n<p>[\/et_pb_text][\/et_pb_column][et_pb_column type=&#8221;1_4&#8243; _builder_version=&#8221;4.9.4&#8243; _module_preset=&#8221;default&#8221; background_image=&#8221;http:\/\/habitools.be\/wp-content\/uploads\/2021\/05\/gezondheit.jpg&#8221; overflow-x=&#8221;hidden&#8221; overflow-y=&#8221;hidden&#8221; custom_css_main_element=&#8221;height:245px;&#8221;][et_pb_text _builder_version=&#8221;4.9.4&#8243; _module_preset=&#8221;default&#8221; text_text_color=&#8221;#FFFFFF&#8221; background_enable_color=&#8221;off&#8221; background_enable_image=&#8221;off&#8221; text_orientation=&#8221;center&#8221; background_layout=&#8221;dark&#8221; height=&#8221;245px&#8221; custom_padding=&#8221;250px||||false|false&#8221; custom_padding__hover_enabled=&#8221;on|desktop&#8221; custom_padding__hover=&#8221;210px||||false|false&#8221; background__hover_enabled=&#8221;on|hover&#8221; background_color__hover=&#8221;rgba(0,0,0,0.2)&#8221; background_enable_color__hover=&#8221;on&#8221;]<\/p>\n<h1>0 tools<\/h1>\n<p>[\/et_pb_text][\/et_pb_column][et_pb_column type=&#8221;1_4&#8243; _builder_version=&#8221;4.9.4&#8243; _module_preset=&#8221;default&#8221; background_image=&#8221;http:\/\/habitools.be\/wp-content\/uploads\/2021\/05\/werken.jpg&#8221; overflow-x=&#8221;hidden&#8221; overflow-y=&#8221;hidden&#8221; custom_css_main_element=&#8221;height:245px;&#8221;][et_pb_text _builder_version=&#8221;4.9.4&#8243; _module_preset=&#8221;default&#8221; text_text_color=&#8221;#FFFFFF&#8221; background_enable_color=&#8221;off&#8221; background_enable_image=&#8221;off&#8221; text_orientation=&#8221;center&#8221; background_layout=&#8221;dark&#8221; height=&#8221;245px&#8221; custom_padding=&#8221;250px||||false|false&#8221; custom_padding__hover_enabled=&#8221;on|desktop&#8221; custom_padding__hover=&#8221;210px||||false|false&#8221; background__hover_enabled=&#8221;on|hover&#8221; background_color__hover=&#8221;rgba(0,0,0,0.2)&#8221; background_enable_color__hover=&#8221;on&#8221;]<\/p>\n<h1>0 tools<\/h1>\n<p>[\/et_pb_text][\/et_pb_column][\/et_pb_row][\/et_pb_section]<\/p>\n","protected":false},"excerpt":{"rendered":"<p>ToolsBinnenkort vindt u hier een inventaris van pedagogische instrumenten rond wonen0 tools0 outils0 outils0 outils0 outils0 tools0 outils0 tools0 tools0 tools0 outils0 outils0 outils0 outils0 tools0 outils0 tools0 tools<\/p>\n","protected":false},"author":122,"featured_media":0,"parent":0,"menu_order":0,"comment_status":"closed","ping_status":"closed","template":"","meta":{"_et_pb_use_builder":"on","_et_pb_old_content":"","_et_gb_content_width":"","footnotes":""},"class_list":["post-9267","page","type-page","status-publish","hentry"],"yoast_head":"<!-- This site is optimized with the Yoast SEO plugin v27.5 - https:\/\/yoast.com\/product\/yoast-seo-wordpress\/ -->\n<title>Tools - old - Habitools<\/title>\n<meta name=\"robots\" content=\"index, follow, max-snippet:-1, max-image-preview:large, max-video-preview:-1\" \/>\n<link rel=\"canonical\" href=\"https:\/\/habitools.be\/nl\/tools-old\/\" \/>\n<meta property=\"og:locale\" content=\"nl_NL\" \/>\n<meta property=\"og:type\" content=\"article\" \/>\n<meta property=\"og:title\" content=\"Tools - old - Habitools\" \/>\n<meta property=\"og:description\" content=\"ToolsBinnenkort vindt u hier een inventaris van pedagogische instrumenten rond wonen0 tools0 outils0 outils0 outils0 outils0 tools0 outils0 tools0 tools0 tools0 outils0 outils0 outils0 outils0 tools0 outils0 tools0 tools\" \/>\n<meta property=\"og:url\" content=\"https:\/\/habitools.be\/nl\/tools-old\/\" \/>\n<meta property=\"og:site_name\" content=\"Habitools\" \/>\n<meta property=\"article:modified_time\" content=\"2021-06-16T19:07:48+00:00\" \/>\n<meta property=\"og:image\" content=\"https:\/\/habitools.be\/wp-content\/uploads\/2021\/06\/salon-habitools1.png\" \/>\n\t<meta property=\"og:image:width\" content=\"250\" \/>\n\t<meta property=\"og:image:height\" content=\"250\" \/>\n\t<meta property=\"og:image:type\" content=\"image\/png\" \/>\n<meta name=\"twitter:card\" content=\"summary_large_image\" \/>\n<meta name=\"twitter:label1\" content=\"Est. reading time\" \/>\n\t<meta name=\"twitter:data1\" content=\"7 minutes\" \/>\n<script type=\"application\/ld+json\" class=\"yoast-schema-graph\">{\"@context\":\"https:\\\/\\\/schema.org\",\"@graph\":[{\"@type\":\"WebPage\",\"@id\":\"https:\\\/\\\/habitools.be\\\/nl\\\/tools-old\\\/\",\"url\":\"https:\\\/\\\/habitools.be\\\/nl\\\/tools-old\\\/\",\"name\":\"Tools - old - Habitools\",\"isPartOf\":{\"@id\":\"https:\\\/\\\/habitools.be\\\/#website\"},\"datePublished\":\"2021-06-16T19:06:28+00:00\",\"dateModified\":\"2021-06-16T19:07:48+00:00\",\"breadcrumb\":{\"@id\":\"https:\\\/\\\/habitools.be\\\/nl\\\/tools-old\\\/#breadcrumb\"},\"inLanguage\":\"nl-NL\",\"potentialAction\":[{\"@type\":\"ReadAction\",\"target\":[\"https:\\\/\\\/habitools.be\\\/nl\\\/tools-old\\\/\"]}]},{\"@type\":\"BreadcrumbList\",\"@id\":\"https:\\\/\\\/habitools.be\\\/nl\\\/tools-old\\\/#breadcrumb\",\"itemListElement\":[{\"@type\":\"ListItem\",\"position\":1,\"name\":\"Accueil\",\"item\":\"https:\\\/\\\/habitools.be\\\/nl\\\/\"},{\"@type\":\"ListItem\",\"position\":2,\"name\":\"Tools &#8211; old\"}]},{\"@type\":\"WebSite\",\"@id\":\"https:\\\/\\\/habitools.be\\\/#website\",\"url\":\"https:\\\/\\\/habitools.be\\\/\",\"name\":\"Habitools\",\"description\":\"Habitools est un inventaire des outils que les associations ont \u00e9t\u00e9 amen\u00e9s \u00e0 d\u00e9velopper dans leur pratique quotidienne afin de sensibiliser leurs publics \u00e0 bien habiter. Ces outils de sensibilisation touchent diff\u00e9rents th\u00e8mes, entre autres les pollutions int\u00e9rieures, les strat\u00e9gies de consommation durable, les droits et devoirs des locataires et des propri\u00e9taires, la recherche de logement, etc.\",\"publisher\":{\"@id\":\"https:\\\/\\\/habitools.be\\\/#organization\"},\"potentialAction\":[{\"@type\":\"SearchAction\",\"target\":{\"@type\":\"EntryPoint\",\"urlTemplate\":\"https:\\\/\\\/habitools.be\\\/?s={search_term_string}\"},\"query-input\":{\"@type\":\"PropertyValueSpecification\",\"valueRequired\":true,\"valueName\":\"search_term_string\"}}],\"inLanguage\":\"nl-NL\"},{\"@type\":\"Organization\",\"@id\":\"https:\\\/\\\/habitools.be\\\/#organization\",\"name\":\"Habitools\",\"url\":\"https:\\\/\\\/habitools.be\\\/\",\"logo\":{\"@type\":\"ImageObject\",\"inLanguage\":\"nl-NL\",\"@id\":\"https:\\\/\\\/habitools.be\\\/#\\\/schema\\\/logo\\\/image\\\/\",\"url\":\"http:\\\/\\\/habitools.be\\\/wp-content\\\/uploads\\\/2021\\\/06\\\/salon-habitools1.png\",\"contentUrl\":\"http:\\\/\\\/habitools.be\\\/wp-content\\\/uploads\\\/2021\\\/06\\\/salon-habitools1.png\",\"width\":250,\"height\":250,\"caption\":\"Habitools\"},\"image\":{\"@id\":\"https:\\\/\\\/habitools.be\\\/#\\\/schema\\\/logo\\\/image\\\/\"}}]}<\/script>\n<!-- \/ Yoast SEO plugin. -->","yoast_head_json":{"title":"Tools - old - Habitools","robots":{"index":"index","follow":"follow","max-snippet":"max-snippet:-1","max-image-preview":"max-image-preview:large","max-video-preview":"max-video-preview:-1"},"canonical":"https:\/\/habitools.be\/nl\/tools-old\/","og_locale":"nl_NL","og_type":"article","og_title":"Tools - old - Habitools","og_description":"ToolsBinnenkort vindt u hier een inventaris van pedagogische instrumenten rond wonen0 tools0 outils0 outils0 outils0 outils0 tools0 outils0 tools0 tools0 tools0 outils0 outils0 outils0 outils0 tools0 outils0 tools0 tools","og_url":"https:\/\/habitools.be\/nl\/tools-old\/","og_site_name":"Habitools","article_modified_time":"2021-06-16T19:07:48+00:00","og_image":[{"width":250,"height":250,"url":"https:\/\/habitools.be\/wp-content\/uploads\/2021\/06\/salon-habitools1.png","type":"image\/png"}],"twitter_card":"summary_large_image","twitter_misc":{"Est. reading time":"7 minutes"},"schema":{"@context":"https:\/\/schema.org","@graph":[{"@type":"WebPage","@id":"https:\/\/habitools.be\/nl\/tools-old\/","url":"https:\/\/habitools.be\/nl\/tools-old\/","name":"Tools - old - Habitools","isPartOf":{"@id":"https:\/\/habitools.be\/#website"},"datePublished":"2021-06-16T19:06:28+00:00","dateModified":"2021-06-16T19:07:48+00:00","breadcrumb":{"@id":"https:\/\/habitools.be\/nl\/tools-old\/#breadcrumb"},"inLanguage":"nl-NL","potentialAction":[{"@type":"ReadAction","target":["https:\/\/habitools.be\/nl\/tools-old\/"]}]},{"@type":"BreadcrumbList","@id":"https:\/\/habitools.be\/nl\/tools-old\/#breadcrumb","itemListElement":[{"@type":"ListItem","position":1,"name":"Accueil","item":"https:\/\/habitools.be\/nl\/"},{"@type":"ListItem","position":2,"name":"Tools &#8211; old"}]},{"@type":"WebSite","@id":"https:\/\/habitools.be\/#website","url":"https:\/\/habitools.be\/","name":"Habitools","description":"Habitools est un inventaire des outils que les associations ont \u00e9t\u00e9 amen\u00e9s \u00e0 d\u00e9velopper dans leur pratique quotidienne afin de sensibiliser leurs publics \u00e0 bien habiter. Ces outils de sensibilisation touchent diff\u00e9rents th\u00e8mes, entre autres les pollutions int\u00e9rieures, les strat\u00e9gies de consommation durable, les droits et devoirs des locataires et des propri\u00e9taires, la recherche de logement, etc.","publisher":{"@id":"https:\/\/habitools.be\/#organization"},"potentialAction":[{"@type":"SearchAction","target":{"@type":"EntryPoint","urlTemplate":"https:\/\/habitools.be\/?s={search_term_string}"},"query-input":{"@type":"PropertyValueSpecification","valueRequired":true,"valueName":"search_term_string"}}],"inLanguage":"nl-NL"},{"@type":"Organization","@id":"https:\/\/habitools.be\/#organization","name":"Habitools","url":"https:\/\/habitools.be\/","logo":{"@type":"ImageObject","inLanguage":"nl-NL","@id":"https:\/\/habitools.be\/#\/schema\/logo\/image\/","url":"http:\/\/habitools.be\/wp-content\/uploads\/2021\/06\/salon-habitools1.png","contentUrl":"http:\/\/habitools.be\/wp-content\/uploads\/2021\/06\/salon-habitools1.png","width":250,"height":250,"caption":"Habitools"},"image":{"@id":"https:\/\/habitools.be\/#\/schema\/logo\/image\/"}}]}},"_links":{"self":[{"href":"https:\/\/habitools.be\/nl\/wp-json\/wp\/v2\/pages\/9267","targetHints":{"allow":["GET"]}}],"collection":[{"href":"https:\/\/habitools.be\/nl\/wp-json\/wp\/v2\/pages"}],"about":[{"href":"https:\/\/habitools.be\/nl\/wp-json\/wp\/v2\/types\/page"}],"author":[{"embeddable":true,"href":"https:\/\/habitools.be\/nl\/wp-json\/wp\/v2\/users\/122"}],"replies":[{"embeddable":true,"href":"https:\/\/habitools.be\/nl\/wp-json\/wp\/v2\/comments?post=9267"}],"version-history":[{"count":0,"href":"https:\/\/habitools.be\/nl\/wp-json\/wp\/v2\/pages\/9267\/revisions"}],"wp:attachment":[{"href":"https:\/\/habitools.be\/nl\/wp-json\/wp\/v2\/media?parent=9267"}],"curies":[{"name":"wp","href":"https:\/\/api.w.org\/{rel}","templated":true}]}}